{"id":834,"date":"2024-04-24T19:14:09","date_gmt":"2024-04-24T19:14:09","guid":{"rendered":"https:\/\/opticaliranarvarte.com\/?post_type=product&#038;p=834"},"modified":"2024-04-24T20:05:08","modified_gmt":"2024-04-24T20:05:08","slug":"ray-ban-square-1971-chromance","status":"publish","type":"product","link":"https:\/\/opticaliranarvarte.com\/index.php\/product\/ray-ban-square-1971-chromance\/","title":{"rendered":"Ray-Ban Square 1971 Chromance"},"content":{"rendered":"<p>El regreso desde nuestra b\u00f3veda del look de los a\u00f1os 70: el armaz\u00f3n met\u00e1lico extragrande del modelo Square 1971 sabe c\u00f3mo atraer miradas mientras se mantiene de forma c\u00f3moda y segura en tu rostro. Esta ic\u00f3nica forma combina tecnolog\u00eda y estilo con micas de Chromance en doble degrad\u00e9, mejoradas para el rendimiento \u00f3ptico \u2014mejora del contraste, colores m\u00e1s brillantes y mejor claridad\u2014 y con nuevas combinaciones de colores para explorar.<\/p>\n","protected":false},"excerpt":{"rendered":"<p>El regreso desde nuestra b\u00f3veda del look de los a\u00f1os 70: el armaz\u00f3n met\u00e1lico extragrande del modelo Square 1971 sabe c\u00f3mo atraer miradas mientras se mantiene de forma c\u00f3moda y segura en tu rostro. Esta ic\u00f3nica forma combina tecnolog\u00eda y estilo con micas de Chromance en doble degrad\u00e9, mejoradas para el rendimiento \u00f3ptico \u2014mejora del [&hellip;]<\/p>\n","protected":false},"featured_media":846,"comment_status":"open","ping_status":"closed","template":"","meta":{"_gspb_post_css":"","_monsterinsights_skip_tracking":false,"_monsterinsights_sitenote_active":false,"_monsterinsights_sitenote_note":"","_monsterinsights_sitenote_category":0},"product_cat":[25],"product_tag":[],"aioseo_notices":[],"featured_image_urls":{"full":["https:\/\/opticaliranarvarte.com\/wp-content\/uploads\/2024\/04\/Diseno-sin-titulo-6.png",1000,1000,false],"thumbnail":["https:\/\/opticaliranarvarte.com\/wp-content\/uploads\/2024\/04\/Diseno-sin-titulo-6-150x150.png",150,150,true],"medium":["https:\/\/opticaliranarvarte.com\/wp-content\/uploads\/2024\/04\/Diseno-sin-titulo-6-300x300.png",300,300,true],"medium_large":["https:\/\/opticaliranarvarte.com\/wp-content\/uploads\/2024\/04\/Diseno-sin-titulo-6-768x768.png",768,768,true],"large":["https:\/\/opticaliranarvarte.com\/wp-content\/uploads\/2024\/04\/Diseno-sin-titulo-6.png",1000,1000,false],"1536x1536":["https:\/\/opticaliranarvarte.com\/wp-content\/uploads\/2024\/04\/Diseno-sin-titulo-6.png",1000,1000,false],"2048x2048":["https:\/\/opticaliranarvarte.com\/wp-content\/uploads\/2024\/04\/Diseno-sin-titulo-6.png",1000,1000,false],"woocommerce_archive_thumbnail":["https:\/\/opticaliranarvarte.com\/wp-content\/uploads\/2024\/04\/Diseno-sin-titulo-6-300x300.png",300,300,true],"mailpoet_newsletter_max":["https:\/\/opticaliranarvarte.com\/wp-content\/uploads\/2024\/04\/Diseno-sin-titulo-6.png",1000,1000,false],"woocommerce_thumbnail":["https:\/\/opticaliranarvarte.com\/wp-content\/uploads\/2024\/04\/Diseno-sin-titulo-6-300x300.png",300,300,true],"woocommerce_single":["https:\/\/opticaliranarvarte.com\/wp-content\/uploads\/2024\/04\/Diseno-sin-titulo-6-600x600.png",600,600,true],"woocommerce_gallery_thumbnail":["https:\/\/opticaliranarvarte.com\/wp-content\/uploads\/2024\/04\/Diseno-sin-titulo-6-100x100.png",100,100,true]},"post_excerpt_stackable":"<p>El regreso desde nuestra b\u00f3veda del look de los a\u00f1os 70: el armaz\u00f3n met\u00e1lico extragrande del modelo Square 1971 sabe c\u00f3mo atraer miradas mientras se mantiene de forma c\u00f3moda y segura en tu rostro. Esta ic\u00f3nica forma combina tecnolog\u00eda y estilo con micas de Chromance en doble degrad\u00e9, mejoradas para el rendimiento \u00f3ptico \u2014mejora del contraste, colores m\u00e1s brillantes y mejor claridad\u2014 y con nuevas combinaciones de colores para explorar.<\/p>\n","category_list":"","author_info":{"name":"","url":""},"comments_num":"0 comments","jetpack_sharing_enabled":true,"_links":{"self":[{"href":"https:\/\/opticaliranarvarte.com\/index.php\/wp-json\/wp\/v2\/product\/834"}],"collection":[{"href":"https:\/\/opticaliranarvarte.com\/index.php\/wp-json\/wp\/v2\/product"}],"about":[{"href":"https:\/\/opticaliranarvarte.com\/index.php\/wp-json\/wp\/v2\/types\/product"}],"replies":[{"embeddable":true,"href":"https:\/\/opticaliranarvarte.com\/index.php\/wp-json\/wp\/v2\/comments?post=834"}],"wp:featuredmedia":[{"embeddable":true,"href":"https:\/\/opticaliranarvarte.com\/index.php\/wp-json\/wp\/v2\/media\/846"}],"wp:attachment":[{"href":"https:\/\/opticaliranarvarte.com\/index.php\/wp-json\/wp\/v2\/media?parent=834"}],"wp:term":[{"taxonomy":"product_cat","embeddable":true,"href":"https:\/\/opticaliranarvarte.com\/index.php\/wp-json\/wp\/v2\/product_cat?post=834"},{"taxonomy":"product_tag","embeddable":true,"href":"https:\/\/opticaliranarvarte.com\/index.php\/wp-json\/wp\/v2\/product_tag?post=834"}],"curies":[{"name":"wp","href":"https:\/\/api.w.org\/{rel}","templated":true}]}}