{"id":843,"date":"2024-04-24T19:42:22","date_gmt":"2024-04-24T19:42:22","guid":{"rendered":"https:\/\/opticaliranarvarte.com\/?post_type=product&#038;p=843"},"modified":"2024-04-24T19:45:53","modified_gmt":"2024-04-24T19:45:53","slug":"ray-ban-mega-clubmaster","status":"publish","type":"product","link":"https:\/\/opticaliranarvarte.com\/index.php\/product\/ray-ban-mega-clubmaster\/","title":{"rendered":"Ray-Ban MEGA CLUBMASTER"},"content":{"rendered":"<p>En tiempos de grandes cambios necesitamos l\u00edderes valientes. Conoce Mega Clubmaster: Una audaz evoluci\u00f3n del Clubmaster original, estilo propio de mentes brillantes y creadores de cambios culturales. En la edici\u00f3n XXL, la l\u00ednea de frente caracter\u00edstica del armaz\u00f3n aumenta y se combina con patillas extraanchas. Fiel a sus ra\u00edces, Mega Clubmaster es fuerte, llamativa y capaz de redefinir tu imagen. Disponibles en seis colores con lentes Classic, Gradient, Polarized y Transitions\u00ae.<\/p>\n","protected":false},"excerpt":{"rendered":"<p>En tiempos de grandes cambios necesitamos l\u00edderes valientes. Conoce Mega Clubmaster: Una audaz evoluci\u00f3n del Clubmaster original, estilo propio de mentes brillantes y creadores de cambios culturales. En la edici\u00f3n XXL, la l\u00ednea de frente caracter\u00edstica del armaz\u00f3n aumenta y se combina con patillas extraanchas. Fiel a sus ra\u00edces, Mega Clubmaster es fuerte, llamativa y [&hellip;]<\/p>\n","protected":false},"featured_media":845,"comment_status":"open","ping_status":"closed","template":"","meta":{"_gspb_post_css":"","_monsterinsights_skip_tracking":false,"_monsterinsights_sitenote_active":false,"_monsterinsights_sitenote_note":"","_monsterinsights_sitenote_category":0},"product_cat":[25],"product_tag":[],"aioseo_notices":[],"featured_image_urls":{"full":["https:\/\/opticaliranarvarte.com\/wp-content\/uploads\/2024\/04\/Diseno-sin-titulo-8.png",1000,1000,false],"thumbnail":["https:\/\/opticaliranarvarte.com\/wp-content\/uploads\/2024\/04\/Diseno-sin-titulo-8-150x150.png",150,150,true],"medium":["https:\/\/opticaliranarvarte.com\/wp-content\/uploads\/2024\/04\/Diseno-sin-titulo-8-300x300.png",300,300,true],"medium_large":["https:\/\/opticaliranarvarte.com\/wp-content\/uploads\/2024\/04\/Diseno-sin-titulo-8-768x768.png",768,768,true],"large":["https:\/\/opticaliranarvarte.com\/wp-content\/uploads\/2024\/04\/Diseno-sin-titulo-8.png",1000,1000,false],"1536x1536":["https:\/\/opticaliranarvarte.com\/wp-content\/uploads\/2024\/04\/Diseno-sin-titulo-8.png",1000,1000,false],"2048x2048":["https:\/\/opticaliranarvarte.com\/wp-content\/uploads\/2024\/04\/Diseno-sin-titulo-8.png",1000,1000,false],"woocommerce_archive_thumbnail":["https:\/\/opticaliranarvarte.com\/wp-content\/uploads\/2024\/04\/Diseno-sin-titulo-8-300x300.png",300,300,true],"mailpoet_newsletter_max":["https:\/\/opticaliranarvarte.com\/wp-content\/uploads\/2024\/04\/Diseno-sin-titulo-8.png",1000,1000,false],"woocommerce_thumbnail":["https:\/\/opticaliranarvarte.com\/wp-content\/uploads\/2024\/04\/Diseno-sin-titulo-8-300x300.png",300,300,true],"woocommerce_single":["https:\/\/opticaliranarvarte.com\/wp-content\/uploads\/2024\/04\/Diseno-sin-titulo-8-600x600.png",600,600,true],"woocommerce_gallery_thumbnail":["https:\/\/opticaliranarvarte.com\/wp-content\/uploads\/2024\/04\/Diseno-sin-titulo-8-100x100.png",100,100,true]},"post_excerpt_stackable":"<p>En tiempos de grandes cambios necesitamos l\u00edderes valientes. Conoce Mega Clubmaster: Una audaz evoluci\u00f3n del Clubmaster original, estilo propio de mentes brillantes y creadores de cambios culturales. En la edici\u00f3n XXL, la l\u00ednea de frente caracter\u00edstica del armaz\u00f3n aumenta y se combina con patillas extraanchas. Fiel a sus ra\u00edces, Mega Clubmaster es fuerte, llamativa y capaz de redefinir tu imagen. Disponibles en seis colores con lentes Classic, Gradient, Polarized y Transitions\u00ae.<\/p>\n","category_list":"","author_info":{"name":"","url":""},"comments_num":"0 comments","jetpack_sharing_enabled":true,"_links":{"self":[{"href":"https:\/\/opticaliranarvarte.com\/index.php\/wp-json\/wp\/v2\/product\/843"}],"collection":[{"href":"https:\/\/opticaliranarvarte.com\/index.php\/wp-json\/wp\/v2\/product"}],"about":[{"href":"https:\/\/opticaliranarvarte.com\/index.php\/wp-json\/wp\/v2\/types\/product"}],"replies":[{"embeddable":true,"href":"https:\/\/opticaliranarvarte.com\/index.php\/wp-json\/wp\/v2\/comments?post=843"}],"wp:featuredmedia":[{"embeddable":true,"href":"https:\/\/opticaliranarvarte.com\/index.php\/wp-json\/wp\/v2\/media\/845"}],"wp:attachment":[{"href":"https:\/\/opticaliranarvarte.com\/index.php\/wp-json\/wp\/v2\/media?parent=843"}],"wp:term":[{"taxonomy":"product_cat","embeddable":true,"href":"https:\/\/opticaliranarvarte.com\/index.php\/wp-json\/wp\/v2\/product_cat?post=843"},{"taxonomy":"product_tag","embeddable":true,"href":"https:\/\/opticaliranarvarte.com\/index.php\/wp-json\/wp\/v2\/product_tag?post=843"}],"curies":[{"name":"wp","href":"https:\/\/api.w.org\/{rel}","templated":true}]}}